{"id":53,"date":"2025-11-08T13:13:04","date_gmt":"2025-11-08T18:13:04","guid":{"rendered":"https:\/\/davidcelestin.com\/mi-cuenta\/"},"modified":"2026-03-07T21:07:10","modified_gmt":"2026-03-08T02:07:10","slug":"portal-de-pedidos","status":"publish","type":"page","link":"https:\/\/davidcelestin.com\/es\/portal-de-pedidos\/","title":{"rendered":"Portal de pedidos"},"content":{"rendered":"\n<p>Bienvenido a su portal de pedidos en DAVIDCELESTIN.COM. Una vez que haya iniciado sesi\u00f3n, podr\u00e1 acceder a los detalles de sus pedidos. Tambi\u00e9n puede realizar el <a href=\"#\">seguimiento de sus pedidos haciendo clic aqu\u00ed<\/a>.<\/p>\n\n\n<div class=\"woocommerce\"><\/div>\n","protected":false},"excerpt":{"rendered":"<p>Bienvenido a su portal de pedidos en DAVIDCELESTIN.COM. Una vez que haya iniciado sesi\u00f3n, podr\u00e1 acceder a los detalles de sus pedidos. Tambi\u00e9n puede realizar el seguimiento de sus pedidos haciendo clic aqu\u00ed.<\/p>\n","protected":false},"author":1,"featured_media":155,"parent":0,"menu_order":0,"comment_status":"closed","ping_status":"closed","template":"","meta":{"_gspb_post_css":"","footnotes":""},"class_list":["post-53","page","type-page","status-publish","has-post-thumbnail","hentry"],"_links":{"self":[{"href":"https:\/\/davidcelestin.com\/es\/wp-json\/wp\/v2\/pages\/53","targetHints":{"allow":["GET"]}}],"collection":[{"href":"https:\/\/davidcelestin.com\/es\/wp-json\/wp\/v2\/pages"}],"about":[{"href":"https:\/\/davidcelestin.com\/es\/wp-json\/wp\/v2\/types\/page"}],"author":[{"embeddable":true,"href":"https:\/\/davidcelestin.com\/es\/wp-json\/wp\/v2\/users\/1"}],"replies":[{"embeddable":true,"href":"https:\/\/davidcelestin.com\/es\/wp-json\/wp\/v2\/comments?post=53"}],"version-history":[{"count":0,"href":"https:\/\/davidcelestin.com\/es\/wp-json\/wp\/v2\/pages\/53\/revisions"}],"wp:featuredmedia":[{"embeddable":true,"href":"https:\/\/davidcelestin.com\/es\/wp-json\/wp\/v2\/media\/155"}],"wp:attachment":[{"href":"https:\/\/davidcelestin.com\/es\/wp-json\/wp\/v2\/media?parent=53"}],"curies":[{"name":"wp","href":"https:\/\/api.w.org\/{rel}","templated":true}]}}