{"id":42,"date":"2025-11-08T13:13:04","date_gmt":"2025-11-08T18:13:04","guid":{"rendered":"https:\/\/davidcelestin.com\/boutique\/"},"modified":"2026-03-07T19:21:28","modified_gmt":"2026-03-08T00:21:28","slug":"boutique","status":"publish","type":"page","link":"https:\/\/davidcelestin.com\/fr\/boutique\/","title":{"rendered":"Boutique David Celestin"},"content":{"rendered":"\n<p>Chez David Celestin Boutique, nous proposons des produits haut de gamme de grande qualit\u00e9 qui vous plairont \u00e0 coup s\u00fbr. Prenez votre temps, trouvez et achetez vos articles avec une livraison rapide et un excellent service client. N&rsquo;h\u00e9sitez pas \u00e0 <a href=\"#\">nous contacter<\/a> si vous avez besoin d&rsquo;aide.<\/p>\n","protected":false},"excerpt":{"rendered":"<p>Chez David Celestin Boutique, nous proposons des produits haut de gamme de grande qualit\u00e9 qui vous plairont \u00e0 coup s\u00fbr. Prenez votre temps, trouvez et achetez vos articles avec une livraison rapide et un excellent service client. N&rsquo;h\u00e9sitez pas \u00e0 nous contacter si vous avez besoin d&rsquo;aide.<\/p>\n","protected":false},"author":1,"featured_media":156,"parent":0,"menu_order":0,"comment_status":"closed","ping_status":"closed","template":"","meta":{"_gspb_post_css":"","footnotes":""},"class_list":["post-42","page","type-page","status-publish","has-post-thumbnail","hentry"],"_links":{"self":[{"href":"https:\/\/davidcelestin.com\/fr\/wp-json\/wp\/v2\/pages\/42","targetHints":{"allow":["GET"]}}],"collection":[{"href":"https:\/\/davidcelestin.com\/fr\/wp-json\/wp\/v2\/pages"}],"about":[{"href":"https:\/\/davidcelestin.com\/fr\/wp-json\/wp\/v2\/types\/page"}],"author":[{"embeddable":true,"href":"https:\/\/davidcelestin.com\/fr\/wp-json\/wp\/v2\/users\/1"}],"replies":[{"embeddable":true,"href":"https:\/\/davidcelestin.com\/fr\/wp-json\/wp\/v2\/comments?post=42"}],"version-history":[{"count":0,"href":"https:\/\/davidcelestin.com\/fr\/wp-json\/wp\/v2\/pages\/42\/revisions"}],"wp:featuredmedia":[{"embeddable":true,"href":"https:\/\/davidcelestin.com\/fr\/wp-json\/wp\/v2\/media\/156"}],"wp:attachment":[{"href":"https:\/\/davidcelestin.com\/fr\/wp-json\/wp\/v2\/media?parent=42"}],"curies":[{"name":"wp","href":"https:\/\/api.w.org\/{rel}","templated":true}]}}