{"id":45,"date":"2025-11-08T13:13:04","date_gmt":"2025-11-08T18:13:04","guid":{"rendered":"https:\/\/davidcelestin.com\/mon-compte\/"},"modified":"2026-03-07T21:04:55","modified_gmt":"2026-03-08T02:04:55","slug":"portail-des-commandes","status":"publish","type":"page","link":"https:\/\/davidcelestin.com\/fr\/portail-des-commandes\/","title":{"rendered":"Portail des commandes"},"content":{"rendered":"\n<p>Bienvenue sur votre portail des commandes sur DAVIDCELESTIN.COM. Une fois connect\u00e9, vous pouvez acc\u00e9der aux d\u00e9tails de vos commandes. Vous pouvez \u00e9galement <a href=\"#\">suivre vos commandes en cliquant ici<\/a>.<\/p>\n\n\n<div class=\"woocommerce\"><\/div>\n","protected":false},"excerpt":{"rendered":"<p>Bienvenue sur votre portail des commandes sur DAVIDCELESTIN.COM. Une fois connect\u00e9, vous pouvez acc\u00e9der aux d\u00e9tails de vos commandes. Vous pouvez \u00e9galement suivre vos commandes en cliquant ici.<\/p>\n","protected":false},"author":1,"featured_media":156,"parent":0,"menu_order":0,"comment_status":"closed","ping_status":"closed","template":"","meta":{"_gspb_post_css":"","footnotes":""},"class_list":["post-45","page","type-page","status-publish","has-post-thumbnail","hentry"],"_links":{"self":[{"href":"https:\/\/davidcelestin.com\/fr\/wp-json\/wp\/v2\/pages\/45","targetHints":{"allow":["GET"]}}],"collection":[{"href":"https:\/\/davidcelestin.com\/fr\/wp-json\/wp\/v2\/pages"}],"about":[{"href":"https:\/\/davidcelestin.com\/fr\/wp-json\/wp\/v2\/types\/page"}],"author":[{"embeddable":true,"href":"https:\/\/davidcelestin.com\/fr\/wp-json\/wp\/v2\/users\/1"}],"replies":[{"embeddable":true,"href":"https:\/\/davidcelestin.com\/fr\/wp-json\/wp\/v2\/comments?post=45"}],"version-history":[{"count":0,"href":"https:\/\/davidcelestin.com\/fr\/wp-json\/wp\/v2\/pages\/45\/revisions"}],"wp:featuredmedia":[{"embeddable":true,"href":"https:\/\/davidcelestin.com\/fr\/wp-json\/wp\/v2\/media\/156"}],"wp:attachment":[{"href":"https:\/\/davidcelestin.com\/fr\/wp-json\/wp\/v2\/media?parent=45"}],"curies":[{"name":"wp","href":"https:\/\/api.w.org\/{rel}","templated":true}]}}